{"id":5,"date":"2017-08-18T11:02:34","date_gmt":"2017-08-18T11:02:34","guid":{"rendered":"http:\/\/heupink.dev7.dnovo-dev.eu\/?page_id=5"},"modified":"2022-09-23T07:30:33","modified_gmt":"2022-09-23T07:30:33","slug":"home","status":"publish","type":"page","link":"https:\/\/www.heupink-bloemen.com\/de\/","title":{"rendered":"Home"},"content":{"rendered":"<p>Heupink &amp; Bloemen Tabak, ein gesch\u00e4ftst\u00fcchtiges Tabakunternehmen mit einer reichen Geschichte.<\/p>\n<p class=\"text-dark\">Unser Unternehmen geht auf das Jahr 1839 zur\u00fcck, als die historische Stadt Ootmarsum noch eine wichtige Handelsstadt war. Als Ergebnis verf\u00fcgen wir \u00fcber mehr als 175 Jahre Wissen und Handwerkskunst im Bereich Kerbtabak und Zigaretten. Darauf sind wir stolz.<br \/>\nAls einziges unabh\u00e4ngiges Tabak-Familienunternehmen in den Niederlanden nehmen wir eine einzigartige Position ein und sind ein starker Akteur auf dem nationalen und internationalen Markt.<\/p>\n<p>&nbsp;<\/p>","protected":false},"excerpt":{"rendered":"<p>Heupink &amp; Bloemen Tabak, ein gesch\u00e4ftst\u00fcchtiges Tabakunternehmen mit einer reichen Geschichte. Unser Unternehmen geht auf das Jahr 1839 zur\u00fcck, als die historische Stadt Ootmarsum noch eine wichtige Handelsstadt war. Als&#8230;<\/p>\n","protected":false},"author":1,"featured_media":7,"parent":0,"menu_order":9,"comment_status":"closed","ping_status":"closed","template":"page-home.php","meta":{"_acf_changed":false,"footnotes":""},"class_list":["post-5","page","type-page","status-publish","has-post-thumbnail","hentry"],"acf":[],"yoast_head":"<!-- This site is optimized with the Yoast SEO plugin v27.5 - https:\/\/yoast.com\/product\/yoast-seo-wordpress\/ -->\n<title>Home - (Nederlands) Heupink<\/title>\n<meta name=\"robots\" content=\"index, follow, max-snippet:-1, max-image-preview:large, max-video-preview:-1\" \/>\n<link rel=\"canonical\" href=\"https:\/\/www.heupink-bloemen.com\/\" \/>\n<meta property=\"og:locale\" content=\"de_DE\" \/>\n<meta property=\"og:type\" content=\"article\" \/>\n<meta property=\"og:title\" content=\"Home - (Nederlands) Heupink\" \/>\n<meta property=\"og:description\" content=\"Heupink &amp; Bloemen Tabak, ein gesch\u00e4ftst\u00fcchtiges Tabakunternehmen mit einer reichen Geschichte. Unser Unternehmen geht auf das Jahr 1839 zur\u00fcck, als die historische Stadt Ootmarsum noch eine wichtige Handelsstadt war. Als...\" \/>\n<meta property=\"og:url\" content=\"https:\/\/www.heupink-bloemen.com\/\" \/>\n<meta property=\"og:site_name\" content=\"(Nederlands) Heupink\" \/>\n<meta property=\"article:modified_time\" content=\"2022-09-23T07:30:33+00:00\" \/>\n<meta property=\"og:image\" content=\"https:\/\/www.heupink-bloemen.com\/wp-content\/uploads\/2017\/08\/header-small.jpg\" \/>\n\t<meta property=\"og:image:width\" content=\"1709\" \/>\n\t<meta property=\"og:image:height\" content=\"949\" \/>\n\t<meta property=\"og:image:type\" content=\"image\/jpeg\" \/>\n<meta name=\"twitter:card\" content=\"summary_large_image\" \/>\n<meta name=\"twitter:label1\" content=\"Gesch\u00e4tzte Lesezeit\" \/>\n\t<meta name=\"twitter:data1\" content=\"1\u00a0Minute\" \/>\n<script type=\"application\/ld+json\" class=\"yoast-schema-graph\">{\"@context\":\"https:\\\/\\\/schema.org\",\"@graph\":[{\"@type\":\"WebPage\",\"@id\":\"https:\\\/\\\/www.heupink-bloemen.com\\\/\",\"url\":\"https:\\\/\\\/www.heupink-bloemen.com\\\/\",\"name\":\"Home - (Nederlands) Heupink\",\"isPartOf\":{\"@id\":\"https:\\\/\\\/www.heupink-bloemen.com\\\/#website\"},\"primaryImageOfPage\":{\"@id\":\"https:\\\/\\\/www.heupink-bloemen.com\\\/#primaryimage\"},\"image\":{\"@id\":\"https:\\\/\\\/www.heupink-bloemen.com\\\/#primaryimage\"},\"thumbnailUrl\":\"https:\\\/\\\/www.heupink-bloemen.com\\\/wp-content\\\/uploads\\\/2017\\\/08\\\/header-small.jpg\",\"datePublished\":\"2017-08-18T11:02:34+00:00\",\"dateModified\":\"2022-09-23T07:30:33+00:00\",\"breadcrumb\":{\"@id\":\"https:\\\/\\\/www.heupink-bloemen.com\\\/#breadcrumb\"},\"inLanguage\":\"de\",\"potentialAction\":[{\"@type\":\"ReadAction\",\"target\":[\"https:\\\/\\\/www.heupink-bloemen.com\\\/\"]}]},{\"@type\":\"ImageObject\",\"inLanguage\":\"de\",\"@id\":\"https:\\\/\\\/www.heupink-bloemen.com\\\/#primaryimage\",\"url\":\"https:\\\/\\\/www.heupink-bloemen.com\\\/wp-content\\\/uploads\\\/2017\\\/08\\\/header-small.jpg\",\"contentUrl\":\"https:\\\/\\\/www.heupink-bloemen.com\\\/wp-content\\\/uploads\\\/2017\\\/08\\\/header-small.jpg\",\"width\":1709,\"height\":949},{\"@type\":\"BreadcrumbList\",\"@id\":\"https:\\\/\\\/www.heupink-bloemen.com\\\/#breadcrumb\",\"itemListElement\":[{\"@type\":\"ListItem\",\"position\":1,\"name\":\"Home\",\"item\":\"https:\\\/\\\/www.heupink-bloemen.com\\\/\"},{\"@type\":\"ListItem\",\"position\":2,\"name\":\"Home\"}]},{\"@type\":\"WebSite\",\"@id\":\"https:\\\/\\\/www.heupink-bloemen.com\\\/#website\",\"url\":\"https:\\\/\\\/www.heupink-bloemen.com\\\/\",\"name\":\"(Nederlands) Heupink\",\"description\":\"Combining a century of craftsmanship with worldwide success\",\"potentialAction\":[{\"@type\":\"SearchAction\",\"target\":{\"@type\":\"EntryPoint\",\"urlTemplate\":\"https:\\\/\\\/www.heupink-bloemen.com\\\/?s={search_term_string}\"},\"query-input\":{\"@type\":\"PropertyValueSpecification\",\"valueRequired\":true,\"valueName\":\"search_term_string\"}}],\"inLanguage\":\"de\"}]}<\/script>\n<!-- \/ Yoast SEO plugin. -->","yoast_head_json":{"title":"Home - (Nederlands) Heupink","robots":{"index":"index","follow":"follow","max-snippet":"max-snippet:-1","max-image-preview":"max-image-preview:large","max-video-preview":"max-video-preview:-1"},"canonical":"https:\/\/www.heupink-bloemen.com\/","og_locale":"de_DE","og_type":"article","og_title":"Home - (Nederlands) Heupink","og_description":"Heupink &amp; Bloemen Tabak, ein gesch\u00e4ftst\u00fcchtiges Tabakunternehmen mit einer reichen Geschichte. Unser Unternehmen geht auf das Jahr 1839 zur\u00fcck, als die historische Stadt Ootmarsum noch eine wichtige Handelsstadt war. Als...","og_url":"https:\/\/www.heupink-bloemen.com\/","og_site_name":"(Nederlands) Heupink","article_modified_time":"2022-09-23T07:30:33+00:00","og_image":[{"width":1709,"height":949,"url":"https:\/\/www.heupink-bloemen.com\/wp-content\/uploads\/2017\/08\/header-small.jpg","type":"image\/jpeg"}],"twitter_card":"summary_large_image","twitter_misc":{"Gesch\u00e4tzte Lesezeit":"1\u00a0Minute"},"schema":{"@context":"https:\/\/schema.org","@graph":[{"@type":"WebPage","@id":"https:\/\/www.heupink-bloemen.com\/","url":"https:\/\/www.heupink-bloemen.com\/","name":"Home - (Nederlands) Heupink","isPartOf":{"@id":"https:\/\/www.heupink-bloemen.com\/#website"},"primaryImageOfPage":{"@id":"https:\/\/www.heupink-bloemen.com\/#primaryimage"},"image":{"@id":"https:\/\/www.heupink-bloemen.com\/#primaryimage"},"thumbnailUrl":"https:\/\/www.heupink-bloemen.com\/wp-content\/uploads\/2017\/08\/header-small.jpg","datePublished":"2017-08-18T11:02:34+00:00","dateModified":"2022-09-23T07:30:33+00:00","breadcrumb":{"@id":"https:\/\/www.heupink-bloemen.com\/#breadcrumb"},"inLanguage":"de","potentialAction":[{"@type":"ReadAction","target":["https:\/\/www.heupink-bloemen.com\/"]}]},{"@type":"ImageObject","inLanguage":"de","@id":"https:\/\/www.heupink-bloemen.com\/#primaryimage","url":"https:\/\/www.heupink-bloemen.com\/wp-content\/uploads\/2017\/08\/header-small.jpg","contentUrl":"https:\/\/www.heupink-bloemen.com\/wp-content\/uploads\/2017\/08\/header-small.jpg","width":1709,"height":949},{"@type":"BreadcrumbList","@id":"https:\/\/www.heupink-bloemen.com\/#breadcrumb","itemListElement":[{"@type":"ListItem","position":1,"name":"Home","item":"https:\/\/www.heupink-bloemen.com\/"},{"@type":"ListItem","position":2,"name":"Home"}]},{"@type":"WebSite","@id":"https:\/\/www.heupink-bloemen.com\/#website","url":"https:\/\/www.heupink-bloemen.com\/","name":"(Nederlands) Heupink","description":"Combining a century of craftsmanship with worldwide success","potentialAction":[{"@type":"SearchAction","target":{"@type":"EntryPoint","urlTemplate":"https:\/\/www.heupink-bloemen.com\/?s={search_term_string}"},"query-input":{"@type":"PropertyValueSpecification","valueRequired":true,"valueName":"search_term_string"}}],"inLanguage":"de"}]}},"_links":{"self":[{"href":"https:\/\/www.heupink-bloemen.com\/de\/wp-json\/wp\/v2\/pages\/5","targetHints":{"allow":["GET"]}}],"collection":[{"href":"https:\/\/www.heupink-bloemen.com\/de\/wp-json\/wp\/v2\/pages"}],"about":[{"href":"https:\/\/www.heupink-bloemen.com\/de\/wp-json\/wp\/v2\/types\/page"}],"author":[{"embeddable":true,"href":"https:\/\/www.heupink-bloemen.com\/de\/wp-json\/wp\/v2\/users\/1"}],"replies":[{"embeddable":true,"href":"https:\/\/www.heupink-bloemen.com\/de\/wp-json\/wp\/v2\/comments?post=5"}],"version-history":[{"count":125,"href":"https:\/\/www.heupink-bloemen.com\/de\/wp-json\/wp\/v2\/pages\/5\/revisions"}],"predecessor-version":[{"id":612,"href":"https:\/\/www.heupink-bloemen.com\/de\/wp-json\/wp\/v2\/pages\/5\/revisions\/612"}],"wp:featuredmedia":[{"embeddable":true,"href":"https:\/\/www.heupink-bloemen.com\/de\/wp-json\/wp\/v2\/media\/7"}],"wp:attachment":[{"href":"https:\/\/www.heupink-bloemen.com\/de\/wp-json\/wp\/v2\/media?parent=5"}],"curies":[{"name":"wp","href":"https:\/\/api.w.org\/{rel}","templated":true}]}}